{"id":3304,"date":"2015-07-03T14:01:58","date_gmt":"2015-07-03T14:01:58","guid":{"rendered":"http:\/\/themes.themegoods.com\/photography\/demo1\/?page_id=3304"},"modified":"2019-09-14T08:35:27","modified_gmt":"2019-09-14T07:35:27","slug":"services","status":"publish","type":"page","link":"https:\/\/emmaskystalkerphotography.com\/pt_PT\/services\/","title":{"rendered":"Servi\u00e7os &amp; FAQ"},"content":{"rendered":"<div  class=\"one fullwidth\">\n\t\t\t<!-- START Service Header REVOLUTION SLIDER 6.0.7 --><\/p>\n<p class=\"rs-p-wp-fix\">\n<p>\t\t\t<rs-module-wrap id=\"rev_slider_6_1_wrapper\" data-alias=\"service-slider\" data-source=\"gallery\" style=\"background:transparent;padding:0;margin:0px auto;margin-top:0;margin-bottom:0;\"><br \/>\n\t\t\t\t<rs-module id=\"rev_slider_6_1\" style=\"display:none;\" data-version=\"6.0.7\"><br \/>\n\t\t\t\t\t<rs-slides><br \/>\n\t\t\t\t\t\t<rs-slide data-key=\"rs-7\" data-title=\"Slide\" data-anim=\"ei:d;eo:d;s:d;r:0;t:notransition;sl:d;\"><br \/>\n\t\t\t\t\t\t\t<img decoding=\"async\" src=\"\/\/emmaskystalkerphotography.com\/wp-content\/uploads\/2019\/06\/Green-leaves.jpg\" title=\"Services &#038; FAQ\" class=\"rev-slidebg\" data-no-retina><br \/>\n<!---->\t\t\t\t\t\t<\/rs-slide><br \/>\n\t\t\t\t\t<\/rs-slides><br \/>\n\t\t\t\t\t<rs-progress class=\"rs-bottom\" style=\"visibility: hidden !important;\"><\/rs-progress><br \/>\n\t\t\t\t<\/rs-module><br \/>\n\t\t\t\t<script type=\"text\/javascript\">\n\t\t\t\t\tsetREVStartSize({c: 'rev_slider_6_1',rl:[1240,1024,768,480],el:[],gw:[1400],gh:[510],layout:'fullwidth',mh:\"0\"});\n\t\t\t\t\tvar\trevapi6,\n\t\t\t\t\t\ttpj;\n\t\t\t\t\tjQuery(function() {\n\t\t\t\t\t\ttpj = jQuery;\n\t\t\t\t\t\tif(tpj(\"#rev_slider_6_1\").revolution == undefined){\n\t\t\t\t\t\t\trevslider_showDoubleJqueryError(\"#rev_slider_6_1\");\n\t\t\t\t\t\t}else{\n\t\t\t\t\t\t\trevapi6 = tpj(\"#rev_slider_6_1\").show().revolution({\n\t\t\t\t\t\t\t\tsliderType:\"hero\",\n\t\t\t\t\t\t\t\tjsFileLocation:\"\/\/emmaskystalkerphotography.com\/wp-content\/plugins\/revslider\/public\/assets\/js\/\",\n\t\t\t\t\t\t\t\tsliderLayout:\"fullwidth\",\n\t\t\t\t\t\t\t\tvisibilityLevels:\"1240,1024,768,480\",\n\t\t\t\t\t\t\t\tgridwidth:1400,\n\t\t\t\t\t\t\t\tgridheight:510,\n\t\t\t\t\t\t\t\tminHeight:\"\",\n\t\t\t\t\t\t\t\tresponsiveLevels:\"1240,1024,768,480\",\n\t\t\t\t\t\t\t\tdisableProgressBar:\"on\",\n\t\t\t\t\t\t\t\tnavigation: {\n\t\t\t\t\t\t\t\t\tonHoverStop:false\n\t\t\t\t\t\t\t\t},\n\t\t\t\t\t\t\t\tfallbacks: {\n\t\t\t\t\t\t\t\t\tignoreHeightChanges:\"\",\n\t\t\t\t\t\t\t\t\tallowHTML5AutoPlayOnAndroid:true\n\t\t\t\t\t\t\t\t},\n\t\t\t\t\t\t\t});\n\t\t\t\t\t\t}<\/p>\n<p>\t\t\t\t\t});\n\t\t\t\t<\/script><br \/>\n\t\t\t<\/rs-module-wrap><br \/>\n\t\t\t<!-- END REVOLUTION SLIDER -->\n<\/div>\n<div class=\"standard_wrapper\">\n<div  class=\"one_third withsmallpadding ppb_header\" style=\"text-align:left;padding:50px 0 50px 0;\" >\n<div class=\"page_content_wrapper\">\n<div class=\"inner\">\n<div style=\"margin:auto;width:50%\">\n<hr class=\"title_break left\" style=\"\"\/>\n<div class=\"ppb_header_content\">\n<blockquote>\n<p>A primeira impress\u00e3o \u00e9 que fica.<\/p>\n<\/blockquote>\n<\/div>\n<\/div>\n<\/div>\n<\/div>\n<\/div>\n<\/div>\n<div class=\"standard_wrapper\">\n<div  class=\"one_third withsmallpadding ppb_text\" style=\"padding:50px 0 50px 0;\" >\n<div class=\"standard_wrapper\">\n<div class=\"page_content_wrapper\">\n<div class=\"inner\">\n<div style=\"margin:auto;width:100%\">\n<p class=\" translation-block\">Quer seja um <strong>designer de interiores<\/strong> ou um <strong>arquitecto<\/strong> que procura expor os seus projectos, quer possua uma <strong>ag\u00eancia imobili\u00e1ria<\/strong> ou de <strong>arrendamentos<\/strong>, \u00e9 essencial apresentar <strong>fotografias de qualidade<\/strong> para cativar e atrair a aten\u00e7\u00e3o de potenciais clientes.<\/p>\n<p>Fotografias profissionais permitem fortalecer a sua estrat\u00e9gia de marketing digital e a narrativa visual do seu website, sendo um factor de indel\u00e9vel import\u00e2ncia para aumentar as convers\u00f5es e causar uma primeira impress\u00e3o positiva e impactante.<\/p>\n<\/div>\n<\/div>\n<\/div>\n<\/div>\n<\/div>\n<\/div>\n<div class=\"standard_wrapper\">\n<div  class=\"one_third last withsmallpadding ppb_text\" style=\"padding:50px 0 50px 0;\" >\n<div class=\"standard_wrapper\">\n<div class=\"page_content_wrapper\">\n<div class=\"inner\">\n<div style=\"margin:auto;width:100%\">\n<p>As fotografias profissionais n\u00e3o vendem directamente mas geram leads, aumentam o n\u00famero de refer\u00eancias e veiculam uma imagem profissional aos utilizadores, independentemente do produto ou servi\u00e7o que esteja a comercializar. <\/p>\n<p>No sector imobili\u00e1rio ou de arrendamento, qualquer interessado dir\u00e1 que as fotografias t\u00eam um impacto directo na selec\u00e7\u00e3o de bens e isso reflectir-se-\u00e1 no aumento das hip\u00f3teses de convers\u00e3o.\nPor outro lado, uma fotografia banal e de menor qualidade ter\u00e1 o efeito contr\u00e1rio e poder\u00e1 demover o interessado de solicitar mais informa\u00e7\u00f5es sobre a propriedade em quest\u00e3o.<\/p>\n<\/div>\n<\/div>\n<\/div>\n<\/div>\n<\/div>\n<\/div>\n<div class=\"standard_wrapper\">\n<div  class=\"one_third withsmallpadding ppb_text\" style=\"margin-bottom: 0 !important;padding:50px 0 50px 0;\" >\n<div class=\"standard_wrapper\">\n<div class=\"page_content_wrapper\">\n<div class=\"inner\">\n<div style=\"margin:auto;width:100%\">\n<h5>Fotografia Imobili\u00e1ria - Interiores &amp; Exteriores<\/h5>\n<p class=\" translation-block\">\u2013 Combina\u00e7\u00e3o de v\u00e1rias fotografias para uma <strong>correcta exposi\u00e7\u00e3o<\/strong><br>\n\u2013 Lente grande angular<br>\n\u2013 <strong>Equil\u00edbrio de cores<\/strong> e corre\u00e7\u00e3o de distor\u00e7\u00e3o<br>\n\u2013 Retoque de fotos para maior <strong>clareza<\/strong> e brilho<br>\n\u2013 <strong>Edi\u00e7\u00e3o suave<\/strong> para uma representa\u00e7\u00e3o realista e natural<\/p>\n<\/div>\n<\/div>\n<\/div>\n<\/div>\n<\/div>\n<\/div>\n<div class=\"standard_wrapper\">\n<div  class=\"one_third withsmallpadding ppb_text\" style=\"margin-bottom: 0 !important;padding:50px 0 50px 0;\" >\n<div class=\"standard_wrapper\">\n<div class=\"page_content_wrapper\">\n<div class=\"inner\">\n<div style=\"margin:auto;width:100%\">\n<h5>Onde Fotografas?<\/h5>\n<p>Trabalho presentemente no <strong>Algarve<\/strong>, Sul <strong>de Portugal<\/strong> e mais especificamente perto de Faro. A maior parte do meu trabalho \u00e9 realizada nesta \u00e1rea mas j\u00e1 desenvolvi trabalhos noutros locais, nomeadamente no Porto, em Lisboa, Paris, etc. Dependendo da dimens\u00e3o do projecto, estou dispon\u00edvel para apresentar um or\u00e7amento adaptado. Para os devidos efeitos sou fluente em Portugu\u00eas, Ingl\u00eas, Franc\u00eas e arranho algum Castelhano, pelo que a comunica\u00e7\u00e3o n\u00e3o ser\u00e1 um problema. :)<\/p>\n<\/div>\n<\/div>\n<\/div>\n<\/div>\n<\/div>\n<\/div>\n<div class=\"standard_wrapper\">\n<div  class=\"one_third last withsmallpadding ppb_text\" style=\"margin-bottom: 0 !important; padding:50px 0 50px 0;\" >\n<div class=\"standard_wrapper\">\n<div class=\"page_content_wrapper\">\n<div class=\"inner\">\n<div style=\"margin:auto;width:100%\">\n<h5>Hor\u00e1rio Adaptado<\/h5>\n<p>As fotografias podem ser tiradas durante um hor\u00e1rio considerado \u00fatil ou fora do expediente, idealmente para fotografias em que o clima ou a hora do dia s\u00e3o importantes. Estou dispon\u00edvel para fotografar em hor\u00e1rios adaptados quando a localiza\u00e7\u00e3o assim o exige.<\/p>\n<\/div>\n<\/div>\n<\/div>\n<\/div>\n<\/div>\n<\/div>\n<div class=\"standard_wrapper\">\n<div  class=\"one_third withsmallpadding ppb_text\" style=\"padding-top: 0 !important;padding:50px 0 50px 0;\" >\n<div class=\"standard_wrapper\">\n<div class=\"page_content_wrapper\">\n<div class=\"inner\">\n<div style=\"margin:auto;width:100%\">\n<h5>Qualidade Criativa &amp; Formato de Entrega<\/h5>\n<p class=\" translation-block\">As fotografias devem transmitir uma mensagem e serem tecnicamente adequadas ao objetivo. Utilizarei todos os meios dispon\u00edveis e a minha experi\u00eancia para garantir que suas imagens possam ser usadas tal como pretendido.<br>\nA entrega das fotografias \u00e9 feita via Google Drive, Dropbox ou WeTransfer. Essa cole\u00e7\u00e3o de imagens ser\u00e1 destinada ao <\/strong>uso na Web<\/strong> e, portanto, <strong>optimizada<\/strong> para evitar longos per\u00edodos de download. Arquivos de alta resolu\u00e7\u00e3o para impress\u00e3o est\u00e3o dispon\u00edveis mediante pedido e custo adicional.<\/p>\n<\/div>\n<\/div>\n<\/div>\n<\/div>\n<\/div>\n<\/div>\n<div class=\"standard_wrapper\">\n<div  class=\"one_third withsmallpadding ppb_text\" style=\"padding-top: 0 !important; .page-id-3304 .one_third {     min-height: 410px; }padding:50px 0 50px 0;\" >\n<div class=\"standard_wrapper\">\n<div class=\"page_content_wrapper\">\n<div class=\"inner\">\n<div style=\"margin:auto;width:100%\">\n<h5>Prazo de Entrega<\/h5>\n<p class=\" translation-block\">Dependendo do volume de trabalho, poderei entregar as fotografias 2 a 3 dias \u00fateis ap\u00f3s a sess\u00e3o. Esfor\u00e7o-me e empenho-me para que receba as fotografias o mais r\u00e1pido poss\u00edvel sem comprometer a qualidade do trabalho. Estabele\u00e7o sempre de antem\u00e3o um <strong>prazo adequado <\/strong> a ambas as partes e comprometo-me a respeitar rigorosamente o mesmo.<\/p>\n<\/div>\n<\/div>\n<\/div>\n<\/div>\n<\/div>\n<\/div>\n<div class=\"standard_wrapper\">\n<div  class=\"one_third last withsmallpadding ppb_text\" style=\"padding-top: 0 !important;padding:50px 0 50px 0;\" >\n<div class=\"standard_wrapper\">\n<div class=\"page_content_wrapper\">\n<div class=\"inner\">\n<div style=\"margin:auto;width:100%\">\n<h5>Apoio Personalizado e Facilidade de Utiliza\u00e7\u00e3o<\/h5>\n<p>Trabalho em estreita colabora\u00e7\u00e3o para garantir que a sua propriedade ou produto seja apresentado da melhor forma poss\u00edvel e forne\u00e7o conselhos e dicas para garantir que se destaque. O cliente tem acesso \u00e0s fotografias a partir da sua galeria privada para se certificar que est\u00e1 satisfeito com o trabalho. Caso n\u00e3o esteja confort\u00e1vel com ferramentas digitais existe sempre a possibilidade de entrega das fotografias finais em formato CD ou qualquer outro dispositivo adequado.<\/p>\n<\/div>\n<\/div>\n<\/div>\n<\/div>\n<\/div>\n<\/div>\n<div  class=\"ppb_popup one withbg\" style=\"background-image:url(https:\/\/emmaskystalkerphotography.com\/wp-content\/uploads\/2019\/06\/screen_2x-4-e1561113618288.jpg);background-position: center center;padding:100px 0 100px 0;\" >\n<div class=\"page_content_wrapper\">\n<div class=\"inner\">\n<div class=\"overlay_gallery_wrapper\" style=\"text-align:center;background:;\">\n<div class=\"overlay_gallery_border\" style=\"\">\n<div class=\"overlay_gallery_content\">\n<h2 class=\"ppb_title\" style=\"\">Pedido de Informa\u00e7\u00f5es<\/h2>\n<hr class=\"title_break center\" style=\"\"\/>\n<div class=\"ppb_header_content\">\n<p class=\" translation-block\">Deixe-me uma mensagem com a descri\u00e7\u00e3o detalhada do trabalho fotogr\u00e1fico que pretende. Terei todo o gosto em alavancar a minha experi\u00eancia para ir ao encontro das suas necessidades espec\u00edficas.<\/p>\n<p>\u00a0<\/p>\n<h5><a style=\"background-color: #ccc; margin-top: 10px; padding: 10px;\" href=\"https:\/\/emmaskystalkerphotography.com\/pt_PT\/contacts\/\">Contactar-me<\/a><\/h5>\n<\/div>\n<\/div>\n<\/div>\n<\/div>\n<\/div>\n<\/div>\n<\/div>","protected":false},"excerpt":{"rendered":"","protected":false},"author":1,"featured_media":0,"parent":0,"menu_order":0,"comment_status":"open","ping_status":"closed","template":"","meta":[],"_links":{"self":[{"href":"https:\/\/emmaskystalkerphotography.com\/pt_PT\/wp-json\/wp\/v2\/pages\/3304"}],"collection":[{"href":"https:\/\/emmaskystalkerphotography.com\/pt_PT\/wp-json\/wp\/v2\/pages"}],"about":[{"href":"https:\/\/emmaskystalkerphotography.com\/pt_PT\/wp-json\/wp\/v2\/types\/page"}],"author":[{"embeddable":true,"href":"https:\/\/emmaskystalkerphotography.com\/pt_PT\/wp-json\/wp\/v2\/users\/1"}],"replies":[{"embeddable":true,"href":"https:\/\/emmaskystalkerphotography.com\/pt_PT\/wp-json\/wp\/v2\/comments?post=3304"}],"version-history":[{"count":5,"href":"https:\/\/emmaskystalkerphotography.com\/pt_PT\/wp-json\/wp\/v2\/pages\/3304\/revisions"}],"predecessor-version":[{"id":6736,"href":"https:\/\/emmaskystalkerphotography.com\/pt_PT\/wp-json\/wp\/v2\/pages\/3304\/revisions\/6736"}],"wp:attachment":[{"href":"https:\/\/emmaskystalkerphotography.com\/pt_PT\/wp-json\/wp\/v2\/media?parent=3304"}],"curies":[{"name":"wp","href":"https:\/\/api.w.org\/{rel}","templated":true}]}}