{"id":3241,"date":"2015-07-03T10:02:11","date_gmt":"2015-07-03T10:02:11","guid":{"rendered":"http:\/\/themes.themegoods.com\/photography\/demo1\/?page_id=3241"},"modified":"2019-09-11T23:36:36","modified_gmt":"2019-09-11T22:36:36","slug":"about-emma","status":"publish","type":"page","link":"https:\/\/emmaskystalkerphotography.com\/pt_PT\/about-emma\/","title":{"rendered":"Acerca dela"},"content":{"rendered":"<div  class=\"one withsmallpadding ppb_header\" style=\"text-align:left;padding:30px 0 30px 0;\" >\n<div class=\"standard_wrapper\">\n<div class=\"page_content_wrapper\">\n<div class=\"inner\">\n<div style=\"margin:auto;width:100%\">\n<h2 class=\"ppb_title\" style=\"\">Acerca dela<\/h2>\n<hr class=\"title_break left\" style=\"\"\/>\n<div class=\"ppb_header_content\">\n<p>A picture of you in your birthday suit,<br \/>\nYou sat in the sun on a hot afternoon (&#8230;)<br \/>\nPicture book, a holiday in August,<br \/>\nOutside a bed and breakfast in sunny southend.<\/p>\n<p>***<\/p>\n<p>The Kinks<\/p>\n<\/div>\n<\/div>\n<\/div>\n<\/div>\n<\/div>\n<\/div>\n<div  class=\"one\" style=\"padding:0px 0 0px 0;\" >\n<div class=\"standard_wrapper\">\n<div class=\"page_content_wrapper\">\n<div class=\"inner\">\n<div class=\"one_half content_middle textright\">\n<div class=\"ppb_subtitle\">Fot\u00f3grafa<\/div>\n<h2 class=\"ppb_title\">Emma Skystalker<\/h2>\n<p style=\"text-align: left;\"><em>A fotografia que sobrevive \u00e9 uma hist\u00f3ria que merece ser tratada com o maior afecto.<\/em><\/p>\n<hr class=\"title_break left\" \/>\n<p>Nasci em 1987 em Paris e mudei-me para Portugal com onze anos. Cultivei a minha sensibilidade art\u00edstica desde cedo atrav\u00e9s de v\u00e1rias artes mas foi na fotografia que encontrei a minha linguagem e grande paix\u00e3o.<\/p>\n<p>O quotidiano \u00e9 a minha melhor tela, sendo a street photography a esfera onde o meu olhar melhor desperta e de onde retiro as hist\u00f3rias mais pitorescas, ou pelo menos, as fotografias de que mais gosto.<\/p>\n<p>Entre uma licenciatura em Rela\u00e7\u00f5es Internacionais, um mestrado em Gest\u00e3o, as mais variadas forma\u00e7\u00f5es e v\u00e1rios cursos de fotografia e edi\u00e7\u00e3o, considero-me uma eterna estudante e acredito que a vida \u00e9 uma aprendizagem constante e que devemos sempre renovar os nossos conhecimentos e deixar-mo-nos levar por aquilo que nos faz feliz em determinada altura das nossas vidas. Neste momento dedico-me \u00e0 arte de fotografar sem preconceitos, alternando a fotografia art\u00edstica com fotografia imobili\u00e1ria.<\/p>\n<p>Apesar do que muitos possam achar, fotografar uma casa \u00e9 um acto que exige  sensibilidade. \u00c9 como fabricar o lugar privado de uma pessoa. Tem de se ter em aten\u00e7\u00e3o cada detalhe e cada canto que tem uma vida pr\u00f3pria e que conta uma hist\u00f3ria sobre o local onde essa pessoa vai passar parte da sua vida. No fundo \u00e9 tentar invocar uma mem\u00f3ria ainda por acontecer - naquele espa\u00e7o em particular - e que o cliente se reveja nela.<\/p>\n<p>Na rela\u00e7\u00e3o com o quotidiano, a minha objectiva s\u00f3 aponta ao que j\u00e1 existe no olhar. O quadro ou a mem\u00f3ria est\u00e3o presentes antes de acontecerem, a m\u00e1quina faz o resto.<\/p>\n<p>No fundo aquela velha frase atribu\u00edda aos ind\u00edgenas americanos, de que uma fotografia rouba a alma, n\u00e3o est\u00e1 longe da verdade. De alguma forma, eterniza a alma de um local ou de uma pessoa, ao mesmo tempo que tamb\u00e9m revela elementos que s\u00f3 existem no momento em que a fotografia \u00e9 tirada. O momento \u00e9 a fotografia. A luz, o movimento, a temperatura, no fundo, tudo o que condiciona o espa\u00e7o e a frac\u00e7\u00e3o de tempo em que a fotografia \u00e9 tirada. H\u00e1 uma responsabilidade enorme envolvida nesse processo. A fotografia que sobrevive \u00e9 uma hist\u00f3ria que merece ser tratada com o maior afecto.<\/p>\n<p>A inspira\u00e7\u00e3o \u00e9 algo que pode estar \u00e0 espreita em tudo, desde o mais ex\u00edguo recanto do quotidiano at\u00e9 \u00e0 mais incomensur\u00e1vel paisagem. Sendo uma ca\u00e7adora voraz de novos horizontes, \u00e9 a viajar que mais motivos encontro para popular o meu universo, procurando o momento certo como quem pudesse parar o tempo, para que as hist\u00f3rias se formem e se dilatem atrav\u00e9s da fotografia.<\/p>\n<p><img decoding=\"async\" loading=\"lazy\" class=\"alignnone wp-image-5947\" src=\"https:\/\/emmaskystalkerphotography.com\/wp-content\/uploads\/2019\/09\/Emma-e1568052668485.png\" alt=\"\" width=\"150\" height=\"37\" \/><\/p>\n<\/div>\n<\/div>\n<div class=\"one_half last\"><\/div>\n<p><br class=\"clear\"\/><\/div>\n<\/div>\n<\/div>\n<\/div>\n<div  class=\"one withsmallpadding ppb_text\" style=\"padding:30px;\" >\n<div id=\"sb_instagram\" class=\"sbi sbi_disable_mobile sbi_col_10\" style=\"width:100%; \" data-id=\"5530606116\" data-num=\"20\" data-res=\"auto\" data-cols=\"10\" data-options='{&quot;sortby&quot;: &quot;none&quot;, &quot;showbio&quot;: &quot;false&quot;,&quot;feedID&quot;: &quot;5530606116&quot;, &quot;headercolor&quot;: &quot;&quot;, &quot;imagepadding&quot;: &quot;&quot;,&quot;mid&quot;: &quot;M2E4MWE5Zg==&quot;, &quot;disablecache&quot;: &quot;false&quot;, &quot;sbiCacheExists&quot;: &quot;true&quot;,&quot;callback&quot;: &quot;ODBkODVkMzMzZDQ1.NDVkYmJjYTViZTJiYTgyMTlhODk=&quot;, &quot;sbiHeaderCache&quot;: &quot;true&quot;}'>\n<div class=\"sb_instagram_header\" style=\"padding: 0px; padding-bottom: 0;\"><\/div>\n<div id=\"sbi_images\">\n<div class=\"sbi_loader\"><\/div>\n<\/div>\n<div id=\"sbi_load\" class=\"sbi_hidden\"><\/div>\n<\/div>\n<\/div>","protected":false},"excerpt":{"rendered":"","protected":false},"author":1,"featured_media":1711,"parent":0,"menu_order":0,"comment_status":"closed","ping_status":"closed","template":"","meta":[],"_links":{"self":[{"href":"https:\/\/emmaskystalkerphotography.com\/pt_PT\/wp-json\/wp\/v2\/pages\/3241"}],"collection":[{"href":"https:\/\/emmaskystalkerphotography.com\/pt_PT\/wp-json\/wp\/v2\/pages"}],"about":[{"href":"https:\/\/emmaskystalkerphotography.com\/pt_PT\/wp-json\/wp\/v2\/types\/page"}],"author":[{"embeddable":true,"href":"https:\/\/emmaskystalkerphotography.com\/pt_PT\/wp-json\/wp\/v2\/users\/1"}],"replies":[{"embeddable":true,"href":"https:\/\/emmaskystalkerphotography.com\/pt_PT\/wp-json\/wp\/v2\/comments?post=3241"}],"version-history":[{"count":5,"href":"https:\/\/emmaskystalkerphotography.com\/pt_PT\/wp-json\/wp\/v2\/pages\/3241\/revisions"}],"predecessor-version":[{"id":6706,"href":"https:\/\/emmaskystalkerphotography.com\/pt_PT\/wp-json\/wp\/v2\/pages\/3241\/revisions\/6706"}],"wp:featuredmedia":[{"embeddable":true,"href":"https:\/\/emmaskystalkerphotography.com\/pt_PT\/wp-json\/"}],"wp:attachment":[{"href":"https:\/\/emmaskystalkerphotography.com\/pt_PT\/wp-json\/wp\/v2\/media?parent=3241"}],"curies":[{"name":"wp","href":"https:\/\/api.w.org\/{rel}","templated":true}]}}